{"id":105,"date":"2020-05-18T13:18:20","date_gmt":"2020-05-18T13:18:20","guid":{"rendered":"https:\/\/hstechnik.kloepper.de\/?page_id=105"},"modified":"2021-01-27T09:29:31","modified_gmt":"2021-01-27T09:29:31","slug":"sekundaertechnik","status":"publish","type":"page","link":"https:\/\/hs.beimdick-gruppe.de\/en\/sekundaertechnik","title":{"rendered":"secon\u00adda\u00adry systems"},"content":{"rendered":"<div data-colibri-id=\"105-c1\" class=\"style-263 style-local-105-c1 position-relative\">\n  <!---->\n  <div data-colibri-component=\"section\" data-colibri-id=\"105-c2\" id=\"start\" class=\"h-section h-section-global-spacing d-flex align-items-lg-center align-items-md-center align-items-center style-2194 style-local-105-c2 position-relative\">\n    <!---->\n    <!---->\n    <div class=\"h-section-grid-container h-section-boxed-container\">\n      <!---->\n      <div data-colibri-id=\"105-c3\" class=\"h-row-container gutters-row-lg-2 gutters-row-md-2 gutters-row-0 gutters-row-v-lg-2 gutters-row-v-md-2 gutters-row-v-2 style-2207 style-local-105-c3 position-relative\">\n        <!---->\n        <div class=\"h-row justify-content-lg-center justify-content-md-center justify-content-center align-items-lg-stretch align-items-md-stretch align-items-stretch gutters-col-lg-2 gutters-col-md-2 gutters-col-0 gutters-col-v-lg-2 gutters-col-v-md-2 gutters-col-v-2\">\n          <!---->\n          <div class=\"h-column h-column-container d-flex h-col-lg h-col-md h-col-auto style-2208-outer style-local-105-c4-outer\">\n            <div data-colibri-id=\"105-c4\" class=\"d-flex h-flex-basis h-column__inner h-px-lg-0 h-px-md-0 h-px-0 v-inner-lg-0 v-inner-md-0 v-inner-0 style-2208 style-local-105-c4 position-relative\">\n              <!---->\n              <!---->\n              <div class=\"w-100 h-y-container h-column__content h-column__v-align flex-basis-100 align-self-lg-start align-self-md-start align-self-start\">\n                <!---->\n                <div data-colibri-id=\"105-c5\" class=\"style-2206 style-local-105-c5 position-relative h-element\">\n                  <!---->\n                  <div class=\"h-global-transition-all\"><div id=\"colibri-105-c5\" class=\"breadcrumb-wrapper\">    <style type=\"text\/css\">\n        \/* breadcrumb separator symbol *\/\n\n        #colibri-105-c5        .colibri-breadcrumb > li + li:before {\n            content: \"\/\";\n            white-space: pre;\n        }\n    <\/style>\n\n    \n    <div class=\"colibri-105-c5-dls-wrapper breadcrumb-items__wrapper\">\n                <ol class=\"breadcrumb colibri-breadcrumb\"><li class=\"breadcrumb-item\"><a href=\"https:\/\/hs.beimdick-gruppe.de\/en\/\"><svg version=\"1.1\" id=\"home\" viewBox=\"0 0 1664 1896.0833\" xmlns:xlink=\"http:\/\/www.w3.org\/1999\/xlink\"><path d=\"M1408 992v480q0 26-19 45t-45 19H960v-384H704v384H320q-26 0-45-19t-19-45V992q0-1 .5-3t.5-3l575-474 575 474q1 2 1 6zm223-69l-62 74q-8 9-21 11h-3q-13 0-21-7L832 424l-692 577q-12 8-24 7-13-2-21-11l-62-74q-8-10-7-23.5T37 878l719-599q32-26 76-26t76 26l244 204V288q0-14 9-23t23-9h192q14 0 23 9t9 23v408l219 182q10 8 11 21.5t-7 23.5z\" \/><\/svg><\/a><\/li><\/ol>    <\/div>\n    <\/div><\/div>\n                <\/div>\n              <\/div>\n            <\/div>\n          <\/div>\n        <\/div>\n      <\/div>\n      <div data-colibri-id=\"105-c6\" class=\"h-row-container gutters-row-lg-2 gutters-row-md-2 gutters-row-0 gutters-row-v-lg-2 gutters-row-v-md-2 gutters-row-v-2 style-2202 style-local-105-c6 position-relative\">\n        <!---->\n        <div class=\"h-row justify-content-lg-center justify-content-md-center justify-content-center align-items-lg-stretch align-items-md-stretch align-items-stretch gutters-col-lg-2 gutters-col-md-2 gutters-col-0 gutters-col-v-lg-2 gutters-col-v-md-2 gutters-col-v-2\">\n          <!---->\n          <div class=\"h-column h-column-container d-flex h-col-lg-auto h-col-md-auto h-col-auto style-2203-outer style-local-105-c7-outer\">\n            <div data-colibri-id=\"105-c7\" class=\"d-flex h-flex-basis h-column__inner h-px-lg-0 h-px-md-0 h-px-0 v-inner-lg-0 v-inner-md-0 v-inner-0 style-2203 style-local-105-c7 position-relative\">\n              <!---->\n              <!---->\n              <div class=\"w-100 h-y-container h-column__content h-column__v-align flex-basis-100 align-self-lg-center align-self-md-center align-self-center\">\n                <!---->\n                <div data-colibri-id=\"105-c8\" class=\"h-global-transition-all h-heading style-1118 style-local-105-c8 position-relative h-element\">\n                  <!---->\n                  <div class=\"h-heading__outer style-1118 style-local-105-c8\">\n                    <!---->\n                    <!---->\n                    <h2 class>Smooth sys\u00adtem inte\u00adgra\u00adti\u00adon for maxi\u00admum availability<\/h2>\n                  <\/div>\n                <\/div>\n              <\/div>\n            <\/div>\n          <\/div>\n        <\/div>\n      <\/div>\n      <div data-colibri-id=\"105-c9\" class=\"h-row-container gutters-row-lg-2 gutters-row-md-2 gutters-row-0 gutters-row-v-lg-2 gutters-row-v-md-2 gutters-row-v-2 style-2204 style-local-105-c9 position-relative\">\n        <!---->\n        <div class=\"h-row justify-content-lg-center justify-content-md-center justify-content-center align-items-lg-stretch align-items-md-stretch align-items-stretch gutters-col-lg-2 gutters-col-md-2 gutters-col-0 gutters-col-v-lg-2 gutters-col-v-md-2 gutters-col-v-2\">\n          <!---->\n          <div class=\"h-column h-column-container d-flex h-col-lg-auto h-col-md-auto h-col-auto style-2205-outer style-local-105-c10-outer\">\n            <div data-colibri-id=\"105-c10\" class=\"d-flex h-flex-basis h-column__inner h-px-lg-2 h-px-md-2 h-px-2 v-inner-lg-2 v-inner-md-2 v-inner-2 style-2205 style-local-105-c10 position-relative\">\n              <!---->\n              <!---->\n              <div class=\"w-100 h-y-container h-column__content h-column__v-align flex-basis-100 align-self-lg-start align-self-md-start align-self-start\">\n                <!---->\n                <div data-colibri-id=\"105-c11\" class=\"h-lead h-text h-text-component style-1119 style-local-105-c11 position-relative h-element\">\n                  <!---->\n                  <!---->\n                  <div class>\n                    <p><span style=\"font-weight: 600;\">secon\u00adda\u00adry systems<\/span>\n                      <br>H&amp;S pro\u00adject teams imple\u00adment new and expan\u00adsi\u00adon mea\u00adsu\u00adres in secon\u00adda\u00adry sys\u00adtems of the elec\u00adtri\u00adcal trans\u00adport and dis\u00adtri\u00adbu\u00adti\u00adon net\u00adwork. In addi\u00adti\u00adon, H&amp;S offers pro\u00adven solu\u00adti\u00adons for self-con\u00adsump\u00adti\u00adon as well as con\u00adtrol and auto\u00adma\u00adti\u00adon in sub\u00adsta\u00adti\u00adons. The\u00adse are an important hub for a secu\u00adre ener\u00adgy sup\u00adp\u00adly. When expan\u00adding or con\u00adver\u00adting to new secon\u00adda\u00adry sys\u00adtems, e.g. for remo\u00adte con\u00adtrol, the ope\u00adra\u00adti\u00adon of the enti\u00adre sys\u00adtem must be main\u00adtai\u00adned. In this com\u00adpre\u00adhen\u00adsi\u00adve work envi\u00adron\u00adment, H&amp;S engi\u00adneers and assem\u00adbly teams take care of the plan\u00adning, assem\u00adbly and test\u00ading in the plants. In doing so, they draw on their exten\u00adsi\u00adve know-how and many years of expe\u00adri\u00adence and thus ensu\u00adre smooth and relia\u00adble pro\u00adject management.<\/p>\n                  <\/div>\n                <\/div>\n              <\/div>\n            <\/div>\n          <\/div>\n        <\/div>\n      <\/div>\n    <\/div>\n  <\/div>\n  <div data-colibri-component=\"section\" data-colibri-id=\"105-c16\" id=\"contact\" class=\"h-section h-section-global-spacing d-flex align-items-lg-center align-items-md-center align-items-center style-1786 style-local-105-c16 position-relative\">\n    <!---->\n    <!---->\n    <div class=\"h-section-grid-container h-section-boxed-container\">\n      <!---->\n      <div data-colibri-id=\"105-c17\" class=\"h-row-container gutters-row-lg-0 gutters-row-md-0 gutters-row-0 gutters-row-v-lg-0 gutters-row-v-md-0 gutters-row-v-0 style-1787 style-local-105-c17 position-relative\">\n        <!---->\n        <div class=\"h-row justify-content-lg-center justify-content-md-center justify-content-center align-items-lg-stretch align-items-md-stretch align-items-stretch gutters-col-lg-0 gutters-col-md-0 gutters-col-0 gutters-col-v-lg-0 gutters-col-v-md-0 gutters-col-v-0\">\n          <!---->\n          <div class=\"h-column h-column-container d-flex h-col-lg-auto h-col-md-auto h-col-auto style-1788-outer style-local-105-c18-outer h-hide-md h-hide-sm\">\n            <div data-colibri-id=\"105-c18\" class=\"d-flex h-flex-basis h-column__inner h-ui-empty-state-container h-px-lg-0 h-px-md-0 h-px-0 v-inner-lg-0 v-inner-md-0 v-inner-0 style-1788 style-local-105-c18 h-hide-md h-hide-sm position-relative\">\n              <!---->\n              <!---->\n              <div class=\"w-100 h-y-container h-column__content h-column__v-align flex-basis-100\">\n                <!---->\n              <\/div>\n            <\/div>\n          <\/div>\n          <div class=\"h-column h-column-container d-flex h-col-lg h-col-md-auto h-col-auto style-1789-outer style-local-105-c19-outer\">\n            <div data-colibri-id=\"105-c19\" class=\"d-flex h-flex-basis h-column__inner h-px-lg-3 h-px-md-3 h-px-3 v-inner-lg-3 v-inner-md-3 v-inner-3 style-1789 style-local-105-c19 position-relative\">\n              <!---->\n              <!---->\n              <div class=\"w-100 h-y-container h-column__content h-column__v-align flex-basis-100 align-self-lg-center align-self-md-center align-self-center\">\n                <!---->\n                <div data-colibri-id=\"105-c20\" class=\"h-global-transition-all h-heading style-1790 style-local-105-c20 position-relative h-element\">\n                  <!---->\n                  <div class=\"h-heading__outer style-1790 style-local-105-c20\">\n                    <!---->\n                    <!---->\n                    <h2 class>secon\u00adda\u00adry systems<\/h2>\n                  <\/div>\n                <\/div>\n                <div data-colibri-id=\"105-c21\" class=\"h-text h-text-component style-1791 style-local-105-c21 position-relative h-element\">\n                  <!---->\n                  <!---->\n                  <div class>\n                    <p>Our pro\u00adject deve\u00adlo\u00adpers will be hap\u00adpy to ans\u00adwer any ques\u00adti\u00adons you may have about secon\u00adda\u00adry systems.<\/p>\n                  <\/div>\n                <\/div>\n                <div data-colibri-id=\"105-c22\" class=\"icon-list d-flex justify-content-lg-start justify-content-md-start justify-content-center style-1792 style-local-105-c22 position-relative h-element\">\n                  <!---->\n                  <ul class=\"ul-list-icon vertical-on-desktop vertical-on-tablet vertical-on-mobile justify-content-lg-start justify-content-md-start justify-content-center\">\n                    <!---->\n                    <li class=\"list-item no-gutters\">\n                      <!---->\n                      <div class=\"list-container-divider d-flex justify-content-lg-start justify-content-md-start justify-content-center first-el-spacer\"><\/div>\n                      <a href=\"tel:+4923151750\" h-use-smooth-scroll=\"true\" class=\"item-link no-gutters\">\n                        <div class=\"d-flex h-col no-gutters align-items-lg-center align-items-md-center align-items-center list-item-text-wrapper\">\n                          <div class=\"d-flex\"><span class=\"h-svg-icon style-1792-icon style-local-105-c22-icon\"><!--Icon by Icons8 Line Awesome (https:\/\/icons8.com\/line-awesome)--><svg version=\"1.1\" id=\"phone\" viewBox=\"0 0 512 545.5\" xmlns:xlink=\"http:\/\/www.w3.org\/1999\/xlink\"><path d=\"M138.5 80c8.375 0 16.656 3.024 23.5 8.5l1 .5.5.5 64 66 1.5 1.5-.5.5c14.174 13.212 13.968 35.53.5 49l-32 32c4.92 11.277 18.33 40.02 44.5 65 26.358 25.16 53.932 39.467 65.5 45l31.5-31.5.5-.5c13.28-13.28 36.72-13.28 50 0l.5 1 65 65c13.28 13.28 13.28 36.22 0 49.5L405 481.5l-.5.5-.5.5c-15.01 12.867-36.04 17.486-55.5 11h-.5c-37.55-14.693-113.51-48.01-181.5-116C98.773 309.773 64.052 234.84 50.5 196c-.035-.1.034-.4 0-.5-6.703-18.434-1.915-39.738 13.5-54l-.5-.5 50-51.5.5-.5 1-.5c6.844-5.476 15.125-8.5 23.5-8.5zm0 32c-1.172 0-2.344.575-3.5 1.5L86.5 163l-.5.5-.5.5c-5.674 4.863-7.44 14.493-5 21 12.12 34.847 45.2 106.7 108.5 170 62.784 62.784 133.224 93.76 169.5 108 9.34 3.113 17.11 1.833 24.5-4.5l49-49c2.72-2.72 2.72-1.78 0-4.5l-65.5-65.5c-2.72-2.72-2.28-2.72-5 0l-40 40-7.5 7.5-10-4.5s-43.83-18.552-81-52.5l-3.5-3c-38.595-36.84-57-86-57-86l-3.5-10 7.5-7 40-40c1.966-1.966.874-3.6 1-3.5l-.5-.5-1-1-64-65.5c-1.156-.925-2.328-1.5-3.5-1.5z\" \/><\/svg><\/span><\/div>\n                          <span class=\"list-text d-block\"><span>+49 (0)231 5175 \u2013&nbsp;0<\/span><\/span>\n                        <\/div>\n                      <\/a>\n                      <div class=\"list-container-divider d-flex justify-content-lg-start justify-content-md-start justify-content-center\">\n                        <!---->\n                      <\/div>\n                    <\/li>\n                    <li class=\"list-item no-gutters\">\n                      <!---->\n                      <!---->\n                      <a href=\"mailto:sekundaertechnik@hstech.de\" h-use-smooth-scroll=\"true\" class=\"item-link no-gutters\">\n                        <div class=\"d-flex h-col no-gutters align-items-lg-center align-items-md-center align-items-center list-item-text-wrapper\">\n                          <div class=\"d-flex\"><span class=\"h-svg-icon style-1792-icon style-local-105-c22-icon\"><!--Icon by Icons8 Line Awesome (https:\/\/icons8.com\/line-awesome)--><svg version=\"1.1\" id=\"envelope\" viewBox=\"0 0 512 545.5\" xmlns:xlink=\"http:\/\/www.w3.org\/1999\/xlink\"><path d=\"M48 160h416v288H48V160zm69 32l139 92.5L395 192H117zm-37 14v210h352V206L265 317.5l-9 5.5-9-5.5z\" \/><\/svg><\/span><\/div>\n                          <span class=\"list-text d-block\"><span>sekundaertechnik@hstech.de<\/span><\/span>\n                        <\/div>\n                      <\/a>\n                      <div class=\"list-container-divider d-flex justify-content-lg-start justify-content-md-start justify-content-center\">\n                        <!---->\n                      <\/div>\n                    <\/li>\n                    <li class=\"list-item no-gutters\">\n                      <!---->\n                      <!---->\n                      <a href=\"http:\/\/maps.google.com\/maps?q=Niedersachsenweg 10, 44143 Dortmund\" target=\"_blank\" h-use-smooth-scroll=\"true\" class=\"item-link no-gutters\" rel=\"noopener\">\n                        <div class=\"d-flex h-col no-gutters align-items-lg-center align-items-md-center align-items-center list-item-text-wrapper\">\n                          <div class=\"d-flex\"><span class=\"h-svg-icon style-1792-icon style-local-105-c22-icon\"><!--Icon by Icons8 Line Awesome (https:\/\/icons8.com\/line-awesome)--><svg version=\"1.1\" id=\"map-marker\" viewBox=\"0 0 512 545.5\" xmlns:xlink=\"http:\/\/www.w3.org\/1999\/xlink\"><path d=\"M256 80c79.336 0 144 64.664 144 144 0 22.5-9.116 48.313-21.5 76.5s-28.314 58.098-44.5 86C301.628 442.306 269 489 269 489l-13 19-13-19s-32.628-46.694-65-102.5c-16.186-27.902-32.116-57.813-44.5-86S112 246.5 112 224c0-79.336 64.664-144 144-144zm0 32c-62.04 0-112 49.96-112 112 0 12.844 6.884 37.06 18.5 63.5s27.686 55.738 43.5 83c25.155 43.364 40.74 66.3 50 80 9.26-13.7 24.845-36.636 50-80 15.815-27.262 31.884-56.56 43.5-83S368 236.844 368 224c0-62.04-49.96-112-112-112zm0 80c17.673 0 32 14.327 32 32s-14.327 32-32 32-32-14.327-32-32 14.327-32 32-32z\" \/><\/svg><\/span><\/div>\n                          <span class=\"list-text d-block\"><span>Nie\u00adder\u00adsach\u00adsen\u00adweg 10,<br>44143 Dort\u00admund<\/span><\/span>\n                        <\/div>\n                      <\/a>\n                      <div class=\"list-container-divider d-flex justify-content-lg-start justify-content-md-start justify-content-center\" style=\"display: none;\">\n                        <!---->\n                      <\/div>\n                      <div class=\"list-container-divider d-flex justify-content-lg-start justify-content-md-start justify-content-center last-el-spacer\"><\/div>\n                    <\/li>\n                  <\/ul>\n                <\/div>\n              <\/div>\n            <\/div>\n          <\/div>\n        <\/div>\n      <\/div>\n    <\/div>\n  <\/div>\n<\/div>","protected":false},"excerpt":{"rendered":"<p>Reibungslose Systemintegration f\u00fcr maximale Verf\u00fcgbarkeit Sekund\u00e4rtechnik H&amp;S Projektteams realisieren sekund\u00e4rtechnische Neubau- und Ert\u00fcchtigungsma\u00dfnahmen in Anlagen des elektrischen Transport- und Verteilnetzes. Dar\u00fcber hinaus bietet H&amp;S bew\u00e4hrte L\u00f6sungen zur Eigenbedarfsversorgung sowie Steuerung und Automation in Schaltanlagen. H\u00f6chstspannungsschaltanlagen sind wichtige Knotenpunkte f\u00fcr eine sichere und zuverl\u00e4ssige Energieversorgung. Deshalb muss bei deren Erweiterung oder Umstellung auf neue Sekund\u00e4rtechnik, z.B. [&hellip;]<\/p>\n","protected":false},"author":1,"featured_media":0,"parent":0,"menu_order":0,"comment_status":"closed","ping_status":"closed","template":"page-templates\/full-width-page.php","meta":{"wp_typography_post_enhancements_disabled":false,"footnotes":""},"class_list":["post-105","page","type-page","status-publish","hentry"],"_links":{"self":[{"href":"https:\/\/hs.beimdick-gruppe.de\/en\/wp-json\/wp\/v2\/pages\/105","targetHints":{"allow":["GET"]}}],"collection":[{"href":"https:\/\/hs.beimdick-gruppe.de\/en\/wp-json\/wp\/v2\/pages"}],"about":[{"href":"https:\/\/hs.beimdick-gruppe.de\/en\/wp-json\/wp\/v2\/types\/page"}],"author":[{"embeddable":true,"href":"https:\/\/hs.beimdick-gruppe.de\/en\/wp-json\/wp\/v2\/users\/1"}],"replies":[{"embeddable":true,"href":"https:\/\/hs.beimdick-gruppe.de\/en\/wp-json\/wp\/v2\/comments?post=105"}],"version-history":[{"count":8,"href":"https:\/\/hs.beimdick-gruppe.de\/en\/wp-json\/wp\/v2\/pages\/105\/revisions"}],"predecessor-version":[{"id":3956,"href":"https:\/\/hs.beimdick-gruppe.de\/en\/wp-json\/wp\/v2\/pages\/105\/revisions\/3956"}],"wp:attachment":[{"href":"https:\/\/hs.beimdick-gruppe.de\/en\/wp-json\/wp\/v2\/media?parent=105"}],"curies":[{"name":"wp","href":"https:\/\/api.w.org\/{rel}","templated":true}]}}