{"id":1199,"date":"2020-06-17T09:18:10","date_gmt":"2020-06-17T09:18:10","guid":{"rendered":"https:\/\/hstechnik.kloepper.de\/consulting"},"modified":"2021-01-27T16:59:10","modified_gmt":"2021-01-27T16:59:10","slug":"consulting","status":"publish","type":"page","link":"https:\/\/hs.beimdick-gruppe.de\/en\/systemtechnik\/consulting","title":{"rendered":"Con\u00adsul\u00adting"},"content":{"rendered":"<div data-colibri-id=\"1199-c1\" class=\"style-1892 style-local-1199-c1 position-relative\">\n  <!---->\n  <div data-colibri-component=\"section\" data-colibri-id=\"1199-c2\" id=\"blank\" class=\"h-section h-section-global-spacing d-flex align-items-lg-center align-items-md-center align-items-center style-2180 style-local-1199-c2 position-relative\">\n    <!---->\n    <!---->\n    <div class=\"h-section-grid-container h-section-boxed-container\">\n      <div data-colibri-id=\"1199-c6\" class=\"h-row-container gutters-row-lg-2 gutters-row-md-2 gutters-row-0 gutters-row-v-lg-2 gutters-row-v-md-2 gutters-row-v-2 style-2184 style-local-1199-c6 position-relative\">\n        <!---->\n        <div class=\"h-row justify-content-lg-center justify-content-md-center justify-content-center align-items-lg-stretch align-items-md-stretch align-items-stretch gutters-col-lg-2 gutters-col-md-2 gutters-col-0 gutters-col-v-lg-2 gutters-col-v-md-2 gutters-col-v-2\">\n          <!---->\n          <div class=\"h-column h-column-container d-flex h-col-lg-auto h-col-md-auto h-col-auto style-2185-outer style-local-1199-c7-outer\">\n            <div data-colibri-id=\"1199-c7\" class=\"d-flex h-flex-basis h-column__inner h-px-lg-2 h-px-md-2 h-px-2 v-inner-lg-2 v-inner-md-2 v-inner-2 style-2185 style-local-1199-c7 position-relative\">\n              <!---->\n              <!---->\n              <div class=\"w-100 h-y-container h-column__content h-column__v-align flex-basis-100 align-self-lg-start align-self-md-start align-self-start\">\n                <!---->\n                <div data-colibri-id=\"1199-c8\" class=\"h-global-transition-all h-heading style-2186 style-local-1199-c8 position-relative h-element\">\n                  <!---->\n                  <div class=\"h-heading__outer style-2186 style-local-1199-c8\">\n                    <!---->\n                    <!---->\n                    <h2 class>Your path to the IEC 61850 solution<\/h2>\n                  <\/div>\n                <\/div>\n                <div data-colibri-id=\"1199-c9\" class=\"h-text h-text-component style-2187 style-local-1199-c9 position-relative h-element\">\n                  <!---->\n                  <!---->\n                  <div class>\n                    <p>In order to opti\u00admal\u00adly and effi\u00adci\u00adent\u00adly struc\u00adtu\u00adre the intro\u00adduc\u00adtion of the IEC 61850 stan\u00addard in your com\u00adpa\u00adny, we have deve\u00adlo\u00adped a best-prac\u00adti\u00adce con\u00adcept for you. On the basis of this, our expe\u00adri\u00aden\u00adced sys\u00adtem tech\u00adno\u00adlo\u00adgy engi\u00adneers accom\u00adpa\u00adny you on all sta\u00adti\u00adons that we belie\u00adve are neces\u00adsa\u00adry for the imple\u00admen\u00adta\u00adti\u00adon of IEC 61850.\n                      <br>For exam\u00adp\u00adle, we accom\u00adpa\u00adny you in the ana\u00adly\u00adsis of your cur\u00adrent sta\u00adtus, deve\u00adlop a con\u00adcept tog\u00ade\u00adther with you that fits your engi\u00adnee\u00adring per\u00adfect\u00adly and sup\u00adport you in dis\u00adcus\u00adsions with your sup\u00adpli\u00aders.\n                      <br>All the results can be tes\u00adted and opti\u00admi\u00adzed in a pilot plant with us at your&nbsp;side.&nbsp;<br>\n                    <\/p>\n                  <\/div>\n                <\/div>\n              <\/div>\n            <\/div>\n          <\/div>\n        <\/div>\n      <\/div>\n      <div data-colibri-id=\"1199-c3\" class=\"h-row-container gutters-row-lg-2 gutters-row-md-2 gutters-row-0 gutters-row-v-lg-2 gutters-row-v-md-2 gutters-row-v-2 style-2191 style-local-1199-c3 position-relative\">\n        <!---->\n        <div class=\"h-row justify-content-lg-center justify-content-md-center justify-content-center align-items-lg-stretch align-items-md-stretch align-items-stretch gutters-col-lg-2 gutters-col-md-2 gutters-col-0 gutters-col-v-lg-2 gutters-col-v-md-2 gutters-col-v-2\">\n          <!---->\n          <div class=\"h-column h-column-container d-flex h-col-lg-auto h-col-md-auto h-col-auto style-2192-outer style-local-1199-c4-outer\">\n            <div data-colibri-id=\"1199-c4\" class=\"d-flex h-flex-basis h-column__inner h-px-lg-2 h-px-md-2 h-px-2 v-inner-lg-2 v-inner-md-2 v-inner-2 style-2192 style-local-1199-c4 position-relative\">\n              <!---->\n              <!---->\n              <div class=\"w-100 h-y-container h-column__content h-column__v-align flex-basis-100 align-self-lg-start align-self-md-start align-self-start\">\n                <!---->\n                <div data-colibri-id=\"1199-c5\" class=\"d-block style-2193 style-local-1199-c5 position-relative h-element\">\n                  <!---->\n                  <div class=\"h-image__frame-container-outer\">\n                    <div class=\"h-image__frame-container\">\n                      <!---->\n                      <!---->\n                      <img loading=\"lazy\" decoding=\"async\" width=\"2560\" height=\"1769\" src=\"https:\/\/hs.beimdick-gruppe.de\/wp-content\/uploads\/2020\/11\/Prozess-IEC61850-scaled.jpg\" class=\"wp-image-2776 style-2193-image style-local-1199-c5-image\" alt=\"Prozess\" title srcset=\"https:\/\/hs.beimdick-gruppe.de\/wp-content\/uploads\/2020\/11\/Prozess-IEC61850-scaled.jpg 2560w, https:\/\/hs.beimdick-gruppe.de\/wp-content\/uploads\/2020\/11\/Prozess-IEC61850-300x207.jpg 300w, https:\/\/hs.beimdick-gruppe.de\/wp-content\/uploads\/2020\/11\/Prozess-IEC61850-1024x708.jpg 1024w, https:\/\/hs.beimdick-gruppe.de\/wp-content\/uploads\/2020\/11\/Prozess-IEC61850-768x531.jpg 768w, https:\/\/hs.beimdick-gruppe.de\/wp-content\/uploads\/2020\/11\/Prozess-IEC61850-1536x1062.jpg 1536w, https:\/\/hs.beimdick-gruppe.de\/wp-content\/uploads\/2020\/11\/Prozess-IEC61850-2048x1416.jpg 2048w\" sizes=\"auto, (max-width: 2560px) 100vw, 2560px\">\n                      <div class=\"h-image__frame h-hide-lg h-hide-md h-hide-sm style-2193-frameImage style-local-1199-c5-frameImage\"><\/div>\n                    <\/div>\n                  <\/div>\n                <\/div>\n              <\/div>\n            <\/div>\n          <\/div>\n        <\/div>\n      <\/div>\n    <\/div>\n  <\/div>\n  <div data-colibri-component=\"section\" data-colibri-id=\"1199-c10\" id=\"contact\" class=\"h-section h-section-global-spacing d-flex align-items-lg-center align-items-md-center align-items-center style-1899 style-local-1199-c10 position-relative\">\n    <!---->\n    <!---->\n    <div class=\"h-section-grid-container h-section-boxed-container\">\n      <!---->\n      <div data-colibri-id=\"1199-c11\" class=\"h-row-container gutters-row-lg-0 gutters-row-md-0 gutters-row-0 gutters-row-v-lg-0 gutters-row-v-md-0 gutters-row-v-0 style-1900 style-local-1199-c11 position-relative\">\n        <!---->\n        <div class=\"h-row justify-content-lg-center justify-content-md-center justify-content-center align-items-lg-stretch align-items-md-stretch align-items-stretch gutters-col-lg-0 gutters-col-md-0 gutters-col-0 gutters-col-v-lg-0 gutters-col-v-md-0 gutters-col-v-0\">\n          <!---->\n          <div class=\"h-column h-column-container d-flex h-col-lg-auto h-col-md-auto h-col-auto style-1901-outer style-local-1199-c12-outer h-hide-md h-hide-sm\">\n            <div data-colibri-id=\"1199-c12\" class=\"d-flex h-flex-basis h-column__inner h-ui-empty-state-container h-px-lg-0 h-px-md-0 h-px-0 v-inner-lg-0 v-inner-md-0 v-inner-0 style-1901 style-local-1199-c12 h-hide-md h-hide-sm position-relative\">\n              <!---->\n              <!---->\n              <div class=\"w-100 h-y-container h-column__content h-column__v-align flex-basis-100\">\n                <!---->\n              <\/div>\n            <\/div>\n          <\/div>\n          <div class=\"h-column h-column-container d-flex h-col-lg h-col-md h-col-auto style-1902-outer style-local-1199-c13-outer\">\n            <div data-colibri-id=\"1199-c13\" class=\"d-flex h-flex-basis h-column__inner h-px-lg-3 h-px-md-3 h-px-3 v-inner-lg-3 v-inner-md-3 v-inner-3 style-1902 style-local-1199-c13 position-relative\">\n              <!---->\n              <!---->\n              <div class=\"w-100 h-y-container h-column__content h-column__v-align flex-basis-100 align-self-lg-center align-self-md-center align-self-center\">\n                <!---->\n                <div data-colibri-id=\"1199-c14\" class=\"h-global-transition-all h-heading style-1903 style-local-1199-c14 position-relative h-element\">\n                  <!---->\n                  <div class=\"h-heading__outer style-1903 style-local-1199-c14\">\n                    <!---->\n                    <!---->\n                    <h2 class>Cont\u00adact<\/h2>\n                  <\/div>\n                <\/div>\n                <div data-colibri-id=\"1199-c15\" class=\"h-text h-text-component style-1904 style-local-1199-c15 position-relative h-element\">\n                  <!---->\n                  <!---->\n                  <div class>\n                    <p>For ques\u00adti\u00adons about consulting<\/p>\n                  <\/div>\n                <\/div>\n                <div data-colibri-id=\"1199-c16\" class=\"icon-list d-flex justify-content-lg-start justify-content-md-start justify-content-center style-1905 style-local-1199-c16 position-relative h-element\">\n                  <!---->\n                  <ul class=\"ul-list-icon vertical-on-desktop vertical-on-tablet vertical-on-mobile justify-content-lg-start justify-content-md-start justify-content-center\">\n                    <!---->\n                    <li class=\"list-item no-gutters\">\n                      <!---->\n                      <div class=\"list-container-divider d-flex justify-content-lg-start justify-content-md-start justify-content-center first-el-spacer\"><\/div>\n                      <a href=\"tel:+492315175161\" h-use-smooth-scroll=\"true\" class=\"item-link no-gutters\">\n                        <div class=\"d-flex h-col no-gutters align-items-lg-center align-items-md-center align-items-center list-item-text-wrapper\">\n                          <div class=\"d-flex\"><span class=\"h-svg-icon style-1905-icon style-local-1199-c16-icon\"><!--Icon by Icons8 Line Awesome (https:\/\/icons8.com\/line-awesome)--><svg version=\"1.1\" id=\"phone\" viewBox=\"0 0 512 545.5\" xmlns:xlink=\"http:\/\/www.w3.org\/1999\/xlink\"><path d=\"M138.5 80c8.375 0 16.656 3.024 23.5 8.5l1 .5.5.5 64 66 1.5 1.5-.5.5c14.174 13.212 13.968 35.53.5 49l-32 32c4.92 11.277 18.33 40.02 44.5 65 26.358 25.16 53.932 39.467 65.5 45l31.5-31.5.5-.5c13.28-13.28 36.72-13.28 50 0l.5 1 65 65c13.28 13.28 13.28 36.22 0 49.5L405 481.5l-.5.5-.5.5c-15.01 12.867-36.04 17.486-55.5 11h-.5c-37.55-14.693-113.51-48.01-181.5-116C98.773 309.773 64.052 234.84 50.5 196c-.035-.1.034-.4 0-.5-6.703-18.434-1.915-39.738 13.5-54l-.5-.5 50-51.5.5-.5 1-.5c6.844-5.476 15.125-8.5 23.5-8.5zm0 32c-1.172 0-2.344.575-3.5 1.5L86.5 163l-.5.5-.5.5c-5.674 4.863-7.44 14.493-5 21 12.12 34.847 45.2 106.7 108.5 170 62.784 62.784 133.224 93.76 169.5 108 9.34 3.113 17.11 1.833 24.5-4.5l49-49c2.72-2.72 2.72-1.78 0-4.5l-65.5-65.5c-2.72-2.72-2.28-2.72-5 0l-40 40-7.5 7.5-10-4.5s-43.83-18.552-81-52.5l-3.5-3c-38.595-36.84-57-86-57-86l-3.5-10 7.5-7 40-40c1.966-1.966.874-3.6 1-3.5l-.5-.5-1-1-64-65.5c-1.156-.925-2.328-1.5-3.5-1.5z\" \/><\/svg><\/span><\/div>\n                          <span class=\"list-text d-block\"><span>+49 (0)231 5175\u20130<\/span><\/span>\n                        <\/div>\n                      <\/a>\n                      <div class=\"list-container-divider d-flex justify-content-lg-start justify-content-md-start justify-content-center\">\n                        <!---->\n                      <\/div>\n                    <\/li>\n                    <li class=\"list-item no-gutters\">\n                      <!---->\n                      <!---->\n                      <a href=\"mailto:systemtechnik@hstech.de\" h-use-smooth-scroll=\"true\" class=\"item-link no-gutters\">\n                        <div class=\"d-flex h-col no-gutters align-items-lg-center align-items-md-center align-items-center list-item-text-wrapper\">\n                          <div class=\"d-flex\"><span class=\"h-svg-icon style-1905-icon style-local-1199-c16-icon\"><!--Icon by Icons8 Line Awesome (https:\/\/icons8.com\/line-awesome)--><svg version=\"1.1\" id=\"envelope\" viewBox=\"0 0 512 545.5\" xmlns:xlink=\"http:\/\/www.w3.org\/1999\/xlink\"><path d=\"M48 160h416v288H48V160zm69 32l139 92.5L395 192H117zm-37 14v210h352V206L265 317.5l-9 5.5-9-5.5z\" \/><\/svg><\/span><\/div>\n                          <span class=\"list-text d-block\"><span>systemtechnik@hstech.de<\/span><\/span>\n                        <\/div>\n                      <\/a>\n                      <div class=\"list-container-divider d-flex justify-content-lg-start justify-content-md-start justify-content-center\">\n                        <!---->\n                      <\/div>\n                    <\/li>\n                    <li class=\"list-item no-gutters\">\n                      <!---->\n                      <!---->\n                      <a href=\"https:\/\/maps.google.com\/\" h-use-smooth-scroll=\"true\" class=\"item-link no-gutters\" target=\"_blank\" rel=\"noopener\">\n                        <div class=\"d-flex h-col no-gutters align-items-lg-center align-items-md-center align-items-center list-item-text-wrapper\">\n                          <div class=\"d-flex\"><span class=\"h-svg-icon style-1905-icon style-local-1199-c16-icon\"><!--Icon by Icons8 Line Awesome (https:\/\/icons8.com\/line-awesome)--><svg version=\"1.1\" id=\"map-marker\" viewBox=\"0 0 512 545.5\" xmlns:xlink=\"http:\/\/www.w3.org\/1999\/xlink\"><path d=\"M256 80c79.336 0 144 64.664 144 144 0 22.5-9.116 48.313-21.5 76.5s-28.314 58.098-44.5 86C301.628 442.306 269 489 269 489l-13 19-13-19s-32.628-46.694-65-102.5c-16.186-27.902-32.116-57.813-44.5-86S112 246.5 112 224c0-79.336 64.664-144 144-144zm0 32c-62.04 0-112 49.96-112 112 0 12.844 6.884 37.06 18.5 63.5s27.686 55.738 43.5 83c25.155 43.364 40.74 66.3 50 80 9.26-13.7 24.845-36.636 50-80 15.815-27.262 31.884-56.56 43.5-83S368 236.844 368 224c0-62.04-49.96-112-112-112zm0 80c17.673 0 32 14.327 32 32s-14.327 32-32 32-32-14.327-32-32 14.327-32 32-32z\" \/><\/svg><\/span><\/div>\n                          <span class=\"list-text d-block\"><span>Nie\u00adder\u00adsach\u00adsen\u00adweg 10, 44143 Dortmund<\/span><\/span>\n                        <\/div>\n                      <\/a>\n                      <div class=\"list-container-divider d-flex justify-content-lg-start justify-content-md-start justify-content-center\" style=\"display: none;\">\n                        <!---->\n                      <\/div>\n                      <div class=\"list-container-divider d-flex justify-content-lg-start justify-content-md-start justify-content-center last-el-spacer\"><\/div>\n                    <\/li>\n                  <\/ul>\n                <\/div>\n              <\/div>\n            <\/div>\n          <\/div>\n        <\/div>\n      <\/div>\n    <\/div>\n  <\/div>\n<\/div>","protected":false},"excerpt":{"rendered":"<p>Ihr Weg zur IEC 61850-L\u00f6sung Um die Einf\u00fchrung der Norm IEC 61850 in Ihrem Unternehmen optimal und effizient zu gestalten, haben wir ein Best-Practise-Konzept f\u00fcr Sie ausgearbeitet. An Hand dessen begleiten unsere erfahrenen Systemtechnik-Ingenieure Sie auf allen Stationen, welche aus unserer Sicht zur Implementierung der IEC 61850 notwendig sind. Wir begleiten Sie beispielsweise bei der [&hellip;]<\/p>\n","protected":false},"author":1,"featured_media":0,"parent":107,"menu_order":0,"comment_status":"closed","ping_status":"closed","template":"page-templates\/full-width-page.php","meta":{"wp_typography_post_enhancements_disabled":false,"footnotes":""},"class_list":["post-1199","page","type-page","status-publish","hentry"],"_links":{"self":[{"href":"https:\/\/hs.beimdick-gruppe.de\/en\/wp-json\/wp\/v2\/pages\/1199","targetHints":{"allow":["GET"]}}],"collection":[{"href":"https:\/\/hs.beimdick-gruppe.de\/en\/wp-json\/wp\/v2\/pages"}],"about":[{"href":"https:\/\/hs.beimdick-gruppe.de\/en\/wp-json\/wp\/v2\/types\/page"}],"author":[{"embeddable":true,"href":"https:\/\/hs.beimdick-gruppe.de\/en\/wp-json\/wp\/v2\/users\/1"}],"replies":[{"embeddable":true,"href":"https:\/\/hs.beimdick-gruppe.de\/en\/wp-json\/wp\/v2\/comments?post=1199"}],"version-history":[{"count":7,"href":"https:\/\/hs.beimdick-gruppe.de\/en\/wp-json\/wp\/v2\/pages\/1199\/revisions"}],"predecessor-version":[{"id":4039,"href":"https:\/\/hs.beimdick-gruppe.de\/en\/wp-json\/wp\/v2\/pages\/1199\/revisions\/4039"}],"up":[{"embeddable":true,"href":"https:\/\/hs.beimdick-gruppe.de\/en\/wp-json\/wp\/v2\/pages\/107"}],"wp:attachment":[{"href":"https:\/\/hs.beimdick-gruppe.de\/en\/wp-json\/wp\/v2\/media?parent=1199"}],"curies":[{"name":"wp","href":"https:\/\/api.w.org\/{rel}","templated":true}]}}