{"id":183,"date":"2020-05-20T07:28:20","date_gmt":"2020-05-20T07:28:20","guid":{"rendered":"https:\/\/hstechnik.kloepper.de\/?page_id=183"},"modified":"2021-07-16T08:50:27","modified_gmt":"2021-07-16T08:50:27","slug":"impressum","status":"publish","type":"page","link":"https:\/\/hs.beimdick-gruppe.de\/en\/impressum","title":{"rendered":"Imprint"},"content":{"rendered":"<div data-colibri-id=\"183-c1\" class=\"style-413 style-local-183-c1 position-relative\">\n  <!---->\n  <div data-colibri-component=\"section\" data-colibri-id=\"183-c2\" id=\"impressum\" class=\"h-section h-section-global-spacing d-flex align-items-lg-center align-items-md-center align-items-center style-414 style-local-183-c2 position-relative\">\n    <!---->\n    <!---->\n    <div class=\"h-section-grid-container h-section-boxed-container\">\n      <!---->\n      <div data-colibri-id=\"183-c3\" class=\"h-row-container gutters-row-lg-2 gutters-row-md-2 gutters-row-0 gutters-row-v-lg-2 gutters-row-v-md-2 gutters-row-v-2 style-415 style-local-183-c3 position-relative\">\n        <!---->\n        <div class=\"h-row justify-content-lg-center justify-content-md-center justify-content-center align-items-lg-stretch align-items-md-stretch align-items-stretch gutters-col-lg-2 gutters-col-md-2 gutters-col-0 gutters-col-v-lg-2 gutters-col-v-md-2 gutters-col-v-2\">\n          <!---->\n          <div class=\"h-column h-column-container d-flex h-col-lg-auto h-col-md-auto h-col-auto style-416-outer style-local-183-c4-outer\">\n            <div data-colibri-id=\"183-c4\" class=\"d-flex h-flex-basis h-column__inner h-px-lg-2 h-px-md-2 h-px-2 v-inner-lg-2 v-inner-md-2 v-inner-2 style-416 style-local-183-c4 position-relative\">\n              <!---->\n              <!---->\n              <div class=\"w-100 h-y-container h-column__content h-column__v-align flex-basis-100 align-self-lg-start align-self-md-start align-self-start\">\n                <!---->\n                <div data-colibri-id=\"183-c5\" class=\"h-text h-text-component style-422 style-local-183-c5 position-relative h-element\">\n                  <!---->\n                  <!---->\n                  <div class>\n                    <p>H&amp;S Hard- &amp; Soft\u00adware Tech\u00adno\u00adlo\u00adgie GmbH &amp; Co. KG\n                      <br>Nie\u00adder\u00adsach\u00adsen\u00adweg 10\n                      <br>D\u201144143 Dort\u00admund\n                      <br>Pho\u00adne: + 49\u2013231-51 75\u20130\n                      <br>Fax.: + 49\u2013231-51 75\u2013195e-mail:\n                      <a href=\"MAILTO:info@hstech.de\">info@hstech.de<\/a>\n                      <br>Web:\n                      <a href=\"https:\/\/hs.beimdick-gruppe.de\/en\/\">www.hstech.de <\/a>\n                      <br>Mana\u00adging direc\u00adtors: Alfred C. Beim\u00addick, Mar\u00adtin H\u00f6l\u00adscher\n                      <br>Regis\u00adtra\u00adti\u00adon court: Dis\u00adtrict Court of Dort\u00admund\n                      <br>Regis\u00adter No.: HRA 11443\n                      <br>VAT ID: DE124899406<\/p>\n                    <h2>Gene\u00adral Rules of&nbsp;Use<\/h2>\n                    <h4>Chap\u00adter 1. Use of Content<\/h4>\n                    <p>The con\u00adtent of this web\u00adsite, inclu\u00adding (but not limi\u00adt\u00aded to) text, soft\u00adware, pho\u00adto\u00adgraphs, gra\u00adphics, illus\u00adtra\u00adti\u00adons, design, names, com\u00adpa\u00adny names, regis\u00adtered trade\u00admarks, ser\u00advice marks and other mate\u00adri\u00adal (\u201cMate\u00adri\u00adal\u201d) is pro\u00adtec\u00adted by copy\u00adright and other laws, both pro\u00adtec\u00adted in Ger\u00adma\u00adny as well as in other count\u00adries. The Mate\u00adri\u00adal includes both con\u00adtent owned or mana\u00adged by the com\u00adpa\u00adnies Kl\u00f6p\u00adper Maschi\u00adnen\u00adtech\u00adnik, Kl\u00f6p\u00adper Elek\u00adtro\u00adtech\u00adnik, Kl\u00f6p\u00adper Auto\u00adma\u00adti\u00adon and H&amp;S Hard- &amp; Soft\u00adware Tech\u00adno\u00adlo\u00adgie (\u201cgroup of com\u00adpa\u00adnies\u201d), as well as con\u00adtent owned or mana\u00adged by third par\u00adties on behalf of the com\u00adpa\u00adnies. The group of com\u00adpa\u00adnies per\u00admits you to view and down\u00adload a sin\u00adgle copy of the mate\u00adri\u00adal on the web\u00adsite. It is strict\u00adly pro\u00adhi\u00adbi\u00adted to sell, modi\u00adfy, repro\u00addu\u00adce, publish, publicly per\u00adform, dis\u00adtri\u00adbu\u00adte or use the mate\u00adri\u00adal in any way for pri\u00adva\u00adte or com\u00admer\u00adcial pur\u00adpo\u00adses wit\u00adhout the writ\u00adten per\u00admis\u00adsi\u00adon of the group of com\u00adpa\u00adnies. If you would like infor\u00adma\u00adti\u00adon on how to obtain per\u00admis\u00adsi\u00adon to use the mate\u00adri\u00adal on your web\u00adsite, plea\u00adse cont\u00adact us at info@kloepper.de. If you breach any of the terms of this licen\u00adse, your per\u00admis\u00adsi\u00adon to use the mate\u00adri\u00adal auto\u00adma\u00adti\u00adcal\u00adly ter\u00admi\u00adna\u00adtes. You are then obli\u00adged to imme\u00addia\u00adte\u00adly des\u00adtroy the mate\u00adri\u00adal and all copies made of&nbsp;it.<\/p>\n                    <h4>Chap\u00adter 2. No Warranties<\/h4>\n                    <p>The web\u00adsite and the mate\u00adri\u00adal are pro\u00advi\u00added \u201cas is\u201d and wit\u00adhout war\u00adran\u00adty of any kind, eit\u00adher express or impli\u00aded, and the group of com\u00adpa\u00adnies her\u00adeby dis\u00adclaims all war\u00adran\u00adties and con\u00addi\u00adti\u00adons as to the accu\u00adra\u00adcy, relia\u00adbi\u00adli\u00adty, com\u00adple\u00adten\u00adess or time\u00adline\u00adss of the mate\u00adri\u00adal, the Ser\u00advices, soft\u00adware, text, gra\u00adphics and links. The group of com\u00adpa\u00adnies dis\u00adclaims all impli\u00aded war\u00adran\u00adties and con\u00addi\u00adti\u00adons of mer\u00adchan\u00adta\u00adbi\u00adli\u00adty, fit\u00adness for a par\u00adti\u00adcu\u00adlar pur\u00adpo\u00adse and non-com\u00adpli\u00adance with pro\u00adprie\u00adta\u00adry, copy\u00adright or other third par\u00adty rights. The group of com\u00adpa\u00adnies does not gua\u00adran\u00adtee that the web\u00adsite will be error-free or that the web\u00adsite or its ser\u00advers are free from com\u00adpu\u00adter viru\u00ads\u00ades or other harmful parts and influen\u00adces. Much of the mate\u00adri\u00adal on this web\u00adsite is pro\u00advi\u00added by third par\u00adties. The group of com\u00adpa\u00adnies can\u00adnot be held respon\u00adsi\u00adble for the mate\u00adri\u00adal of such third parties.<\/p>\n                    <h4>Chap\u00adter 3. Limi\u00adta\u00adti\u00adon of Liability<\/h4>\n                    <p>Use of the web\u00adsite is at your own risk. If you are dis\u00adsa\u00adtis\u00adfied or unhap\u00adpy with any of the mate\u00adri\u00adal on the site, or with any of the Group\u2019s terms or other poli\u00adci\u00ades, you should stop using the site. In no event shall the group of com\u00adpa\u00adnies be lia\u00adble for any spe\u00adcial, indi\u00adrect, con\u00adse\u00adquen\u00adti\u00adal or any other dama\u00adges whatsoe\u00adver ari\u00adsing out of loss of use, data or pro\u00adfits, whe\u00adther in con\u00adtract or in negli\u00adgence or other tor\u00adtious action, and cau\u00adsed by or in in con\u00adnec\u00adtion with the use of infor\u00adma\u00adti\u00adon available on this ser\u00adver and the non-avai\u00adla\u00adbi\u00adli\u00adty of this information.<\/p>\n                    <h4>Chap\u00adter 4. Copy\u00adright Inf\u00adrin\u00adge\u00adment and Copy\u00adright Agents<\/h4>\n                    <p>The Com\u00adpa\u00adny may, to the ext\u00adent and in its sole dis\u00adcre\u00adti\u00adon, remo\u00adve from the Web\u00adsite or disable access to any mate\u00adri\u00adal that vio\u00adla\u00adtes the rights of others. If you belie\u00adve that your mate\u00adri\u00adal has been found on the Web in a way that con\u00adsti\u00adtu\u00adtes such copy\u00adright inf\u00adrin\u00adge\u00adment, plea\u00adse noti\u00adfy the Company\u2019s Copy\u00adright Agent in wri\u00adting (e\u2011mail will suf\u00adfice) con\u00adtai\u00adning the fol\u00adlo\u00adwing infor\u00adma\u00adti\u00adon: An elec\u00adtro\u00adnic or phy\u00adsi\u00adcal signa\u00adtu\u00adre of the indi\u00advi\u00addu\u00adal who is aut\u00adho\u00adri\u00adzed to act on behalf of the per\u00adson who\u00adse right may have been inf\u00adrin\u00adged. Deter\u00admi\u00adning the iden\u00adti\u00adty of the copy\u00adrigh\u00adted work clai\u00admed to have been inf\u00adrin\u00adged. A descrip\u00adti\u00adon of whe\u00adre this mate\u00adri\u00adal can be found on the web. Your address, pho\u00adne num\u00adber and email address. A state\u00adment by you that you have a good faith belief that the dis\u00adpu\u00adted use is not aut\u00adho\u00adri\u00adzed by the copy\u00adright owner, its agent, or the law. A state\u00adment by you, under penal\u00adty of per\u00adju\u00adry, that the infor\u00adma\u00adti\u00adon in your noti\u00adce is accu\u00adra\u00adte and that you are or are acting on your behalf as the copy\u00adright owner. The Company\u2019s copy\u00adright agent respon\u00adsi\u00adble for hand\u00adling com\u00adplaints of copy\u00adright inf\u00adrin\u00adge\u00adment on the Site is Alfred C. Beim\u00addick. He can be rea\u00adched at the fol\u00adlo\u00adwing address: Pos\u00adtal address: Post\u00adfach 102263, 44022 Dortmund<\/p>\n                    <h4>Chap\u00adter 5. Links to exter\u00adnal&nbsp;Sites<\/h4>\n                    <p>The Web\u00adsite may con\u00adtain links to third par\u00adty web\u00adsites main\u00adtai\u00adned by others. The\u00adse links are pro\u00advi\u00added sole\u00adly for your con\u00adve\u00adni\u00adence and do not con\u00adsti\u00adtu\u00adte an endor\u00adse\u00adment by the group of com\u00adpa\u00adnies of the con\u00adtent on tho\u00adse sites. The Com\u00adpa\u00adny is not respon\u00adsi\u00adble for the con\u00adtents of the\u00adse links and does not endor\u00adse the con\u00adtent or accu\u00adra\u00adcy of the mate\u00adri\u00adal on the third par\u00adty web\u00adsites. If you choo\u00adse to access the\u00adse links to third par\u00adty web\u00adsites, you do so at your own&nbsp;risk.<\/p>\n                    <h4>Chap\u00adter 6. Indemnification<\/h4>\n                    <p>You agree to defend, indem\u00adni\u00adfy and hold harm\u00adless the Com\u00adpa\u00adny, its direc\u00adtors, offi\u00adcers, direc\u00adtors, employees and agents from and against any and all alle\u00adga\u00adti\u00adons, suits and lia\u00adbi\u00adli\u00adties, inclu\u00adding wit\u00adhout limi\u00adta\u00adti\u00adon any legal and admi\u00adnis\u00adtra\u00adti\u00adve cos\u00adts, ari\u00adsing out of or ari\u00adsing out of result from the use of the mate\u00adri\u00adal (inclu\u00adding the soft\u00adware) or from breach of con\u00adtrac\u00adtu\u00adal agree\u00adments. The Com\u00adpa\u00adny will prompt\u00adly noti\u00adfy you of any such alle\u00adga\u00adti\u00adon, char\u00adge or pro\u00adcee\u00adding and will assist you in the defen\u00adse of any such alle\u00adga\u00adti\u00adon, char\u00adge or pro\u00adcee\u00adding, for our reasonable fee.<\/p>\n                    <h4>Chap\u00adter 7. Export Regulations<\/h4>\n                    <p>The Euro\u00adpean Uni\u00adon con\u00adtrols the export of pro\u00adducts and infor\u00adma\u00adti\u00adon. You agree that you will com\u00adply with the Regu\u00adla\u00adti\u00adons and will not export or export any Mate\u00adri\u00adal (inclu\u00adding Soft\u00adware) to any coun\u00adtry or per\u00adson in vio\u00adla\u00adti\u00adon of export laws. By down\u00adloa\u00adding the mate\u00adri\u00adal inclu\u00adding the soft\u00adware you agree that you are not in one of the\u00adse export rest\u00adric\u00adted count\u00adries. You are respon\u00adsi\u00adble for com\u00adply\u00ading with the laws of your local juris\u00addic\u00adtion regar\u00adding the import, export and re-export of products.<\/p>\n                    <h4>Chap\u00adter 8. General<\/h4>\n                    <p>The group of com\u00adpa\u00adnies makes no claims that the mate\u00adri\u00adal is appro\u00adpria\u00adte for any par\u00adti\u00adcu\u00adlar need or audi\u00adence, or that it may be down\u00adloa\u00added out\u00adside of Ger\u00adma\u00adny. Access to the Mate\u00adri\u00adals (inclu\u00adding the Soft\u00adware) by cer\u00adtain peo\u00adp\u00adle or in cer\u00adtain count\u00adries may be unlawful. If you access the web\u00adsite out\u00adside of Ger\u00adma\u00adny, you are respon\u00adsi\u00adble for com\u00adpli\u00adance with the laws of your juris\u00addic\u00adtion. The com\u00adpa\u00adny is head\u00adquar\u00adte\u00adred in Dort\u00admund, Ger\u00adma\u00adny. If any clau\u00adse of the Agree\u00adment is found to be inva\u00adlid by a court of com\u00adpe\u00adtent juris\u00addic\u00adtion, this shall not affect the vali\u00addi\u00adty of the remai\u00adning clau\u00adses of the Agree\u00adment. The agree\u00adment remains ful\u00adly valid. No wai\u00adver of any pro\u00advi\u00adsi\u00adon of the Agree\u00adment shall be dee\u00admed a fur\u00adther or con\u00adti\u00adnuing wai\u00adver of that pro\u00advi\u00adsi\u00adon or any other pro\u00advi\u00adsi\u00adon. This Agree\u00adment con\u00adsti\u00adtu\u00adtes the enti\u00adre agree\u00adment bet\u00adween you and Com\u00adpa\u00adny with respect to your use of the Web\u00adsite, except as express\u00adly pro\u00advi\u00added in a Legal Noti\u00adce spe\u00adci\u00adfic to Soft\u00adware or Mate\u00adri\u00adal on a Par\u00adti\u00adcu\u00adlar Web\u00adsite. Any modi\u00adfi\u00adca\u00adti\u00adon to the\u00adse agree\u00adments must be in wri\u00adting and signed by an aut\u00adho\u00adri\u00adzed repre\u00adsen\u00adta\u00adti\u00adve of the group of companies.<\/p>\n                    <h4>Chap\u00adter 9. Pri\u00adva\u00adcy Policy<\/h4>\n                    <p>For this see also\n                      <a href=\"https:\/\/beimdick-gruppe.de\/datenschutz\" class=\"customize-unpreviewable\">Pri\u00adva\u00adcy Poli\u00adcy<\/a>. We at Beim\u00addick Dienst\u00adleis\u00adtungs GmbH &amp; Co. KG and affi\u00adlia\u00adted com\u00adpa\u00adnies take the pro\u00adtec\u00adtion of your per\u00adso\u00adnal data very serious\u00adly and strict\u00adly adhe\u00adre to the rules of data pro\u00adtec\u00adtion laws. Per\u00adso\u00adnal data is only coll\u00adec\u00adted on this web\u00adsite to the ext\u00adent tech\u00adni\u00adcal\u00adly neces\u00adsa\u00adry. Under no cir\u00adcum\u00ads\u00adtances will the coll\u00adec\u00adted data be sold or pas\u00adsed on to third par\u00adties for other reasons. The fol\u00adlo\u00adwing state\u00adment gives you an over\u00adview of how we gua\u00adran\u00adtee this pro\u00adtec\u00adtion and what type of data is coll\u00adec\u00adted for what pur\u00adpo\u00adse. Data pro\u00adces\u00adsing on this web\u00adsite The Beim\u00addick Group auto\u00adma\u00adti\u00adcal\u00adly coll\u00adects and stores infor\u00adma\u00adti\u00adon in its ser\u00adver log files that your brow\u00adser trans\u00admits to us. The\u00adse are: brow\u00adser type\/version, ope\u00adra\u00adting sys\u00adtem used, refer\u00adrer URL (the pre\u00advious\u00adly visi\u00adted page), host name of the acces\u00adsing com\u00adpu\u00adter (IP address), time of the ser\u00adver request. This data can\u00adnot be assi\u00adgned to spe\u00adci\u00adfic per\u00adsons for us. A com\u00adbi\u00adna\u00adti\u00adon of this data with other data sources is not car\u00adri\u00aded out, the data is also dele\u00adted after a sta\u00adtis\u00adti\u00adcal eva\u00adlua\u00adti\u00adon. Right to infor\u00adma\u00adti\u00adon You have the right to infor\u00adma\u00adti\u00adon about the data stored about you, its ori\u00adgin and reci\u00adpi\u00adent and the pur\u00adpo\u00adse of sto\u00adrage at any time. The data pro\u00adtec\u00adtion offi\u00adcer pro\u00advi\u00addes infor\u00adma\u00adti\u00adon about the stored data\n                      <a href=\"mailto:datenschutz@kloepper.de\">datenschutz@kloepper.de<\/a>.<\/p>\n                    <h4>Chap\u00adter 10. Respon\u00adsi\u00adble for the con\u00adtent accor\u00adding to \u00a7 18 Abs. 2&nbsp;MStV&nbsp;<br>\n                    <\/h4>\n                    <p>Alfred Beim\u00addick Nie\u00adder\u00adsach\u00adsen\u00adweg 10 44143 Dortmund<\/p>\n                  <\/div>\n                <\/div>\n              <\/div>\n            <\/div>\n          <\/div>\n        <\/div>\n      <\/div>\n    <\/div>\n  <\/div>\n<\/div>","protected":false},"excerpt":{"rendered":"<p>H&amp;S Hard- &amp; Software Technologie GmbH &amp; Co. KG Niedersachsenweg 10 D-44143 Dortmund Tel. : + 49-231-51 75-0 Fax.: + 49-231-51 75-195e-mail: info@hstech.de Internet: www.hstech.de Gesch\u00e4ftsf\u00fchrer: Alfred C. Beimdick, Martin H\u00f6lscher Registergericht: Amtsgericht Dortmund Register-Nr.: HRA 11443 USt-IdNr.: DE124899406 Allgemeine Nutzungsregeln Kapitel 1. Benutzung des Inhaltes Der Inhalt dieser Webseite, einschlie\u00dflich (aber nicht ausschlie\u00dflich beschr\u00e4nkt [&hellip;]<\/p>\n","protected":false},"author":1,"featured_media":0,"parent":0,"menu_order":0,"comment_status":"closed","ping_status":"closed","template":"page-templates\/full-width-page.php","meta":{"wp_typography_post_enhancements_disabled":false,"footnotes":""},"class_list":["post-183","page","type-page","status-publish","hentry"],"_links":{"self":[{"href":"https:\/\/hs.beimdick-gruppe.de\/en\/wp-json\/wp\/v2\/pages\/183","targetHints":{"allow":["GET"]}}],"collection":[{"href":"https:\/\/hs.beimdick-gruppe.de\/en\/wp-json\/wp\/v2\/pages"}],"about":[{"href":"https:\/\/hs.beimdick-gruppe.de\/en\/wp-json\/wp\/v2\/types\/page"}],"author":[{"embeddable":true,"href":"https:\/\/hs.beimdick-gruppe.de\/en\/wp-json\/wp\/v2\/users\/1"}],"replies":[{"embeddable":true,"href":"https:\/\/hs.beimdick-gruppe.de\/en\/wp-json\/wp\/v2\/comments?post=183"}],"version-history":[{"count":4,"href":"https:\/\/hs.beimdick-gruppe.de\/en\/wp-json\/wp\/v2\/pages\/183\/revisions"}],"predecessor-version":[{"id":4448,"href":"https:\/\/hs.beimdick-gruppe.de\/en\/wp-json\/wp\/v2\/pages\/183\/revisions\/4448"}],"wp:attachment":[{"href":"https:\/\/hs.beimdick-gruppe.de\/en\/wp-json\/wp\/v2\/media?parent=183"}],"curies":[{"name":"wp","href":"https:\/\/api.w.org\/{rel}","templated":true}]}}